{"id":193,"date":"2019-05-17T04:23:55","date_gmt":"2019-05-17T04:23:55","guid":{"rendered":"https:\/\/demo.ovatheme.com\/constrau\/?page_id=193"},"modified":"2023-02-08T12:38:09","modified_gmt":"2023-02-08T12:38:09","slug":"miftari-daemm-flex-gmbh-startseite","status":"publish","type":"page","link":"https:\/\/miftari-isolierungen.de\/","title":{"rendered":"Willkommen"},"content":{"rendered":"\t\t<div data-elementor-type=\"wp-post\" data-elementor-id=\"193\" class=\"elementor elementor-193\">\n\t\t\t\t\t\t\t\t\t<section class=\"elementor-section elementor-top-section elementor-element elementor-element-9912514 elementor-reverse-mobile elementor-section-boxed elementor-section-height-default elementor-section-height-default\" data-id=\"9912514\" data-element_type=\"section\">\n\t\t\t\t\t\t<div class=\"elementor-container elementor-column-gap-default\">\n\t\t\t\t\t<div class=\"elementor-column elementor-col-100 elementor-top-column elementor-element elementor-element-7f85fbc\" data-id=\"7f85fbc\" data-element_type=\"column\">\n\t\t\t<div class=\"elementor-widget-wrap elementor-element-populated\">\n\t\t\t\t\t\t\t\t<div class=\"elementor-element elementor-element-991b67c elementor-widget elementor-widget-ova_heading\" data-id=\"991b67c\" data-element_type=\"widget\" data-widget_type=\"ova_heading.default\">\n\t\t\t\t<div class=\"elementor-widget-container\">\n\t\t\t\t\t<div class=\"ova-heading\">\n\t\t\t\t\t\t\t<h4 class=\"sub-title second_font\"><span><\/span>Willkommen bei Miftari D\u00e4mm-Flex GmbH<\/h4>\n\t\t\t\t\t\t\t\t\t\t<h3 class=\"title second_font\">flexible textile Isolier-Systeme(D\u00e4mmkissen\/ Isoliermatrazen)<\/h3>\n\t\t\t\n\t\t\t\t\t\t\t<div class=\"desc\"><p>Ihr kompetenter Dienstleister f\u00fcr\u00a0<strong>Flexible Textile Isoliersysteme<\/strong>(D\u00e4mmkissen\/Isoliermatratzen).\u00a0<\/p><p>Unsere\u00a0<strong>Flexiblen Textilen Isoliersysteme<\/strong>\u00a0haben eine genaue Passform, sind leicht zu montieren, schwingungsfest und umweltfreundlich.<\/p><p>Vern\u00e4ht werden unsere\u00a0<strong>Flexiblen Textilen Isoliersysteme<\/strong>\u00a0unter anderem mit Verschl\u00fcsse aus Edelstahl oder auch Klettverschluss, f\u00fcr eine schnelle aber sichere Montage und Demontage.<\/p><p><b>Die L\u00f6sung f\u00fcr die unterschiedlichsten Bauteile Ihrer Anlage passgenau auf Ma\u00df gefertigt!<\/b><\/p><p><b>Wenn Sie Fragen oder Anregungen zu unseren Flexiblen Textilen Isoliersystemen haben, klicken Sie auf dem Men\u00fcpunkt Kontakt.<\/b><\/p><p>Wir bedanken uns f\u00fcr Ihren Besuch und hoffen Ihnen weiter helfen zu k\u00f6nnen.<\/p><\/div>\n\t\t\t\t\t\t\t\t<\/div>\n\t\t\t\t<\/div>\n\t\t\t\t<\/div>\n\t\t\t\t\t<\/div>\n\t\t<\/div>\n\t\t\t\t\t\t\t<\/div>\n\t\t<\/section>\n\t\t\t\t\t\t\t<\/div>\n\t\t","protected":false},"excerpt":{"rendered":"<p>Willkommen bei Miftari D\u00e4mm-Flex GmbH flexible textile Isolier-Systeme(D\u00e4mmkissen\/ Isoliermatrazen) Ihr kompetenter Dienstleister f\u00fcr\u00a0Flexible Textile Isoliersysteme(D\u00e4mmkissen\/Isoliermatratzen).\u00a0 Unsere\u00a0Flexiblen Textilen Isoliersysteme\u00a0haben eine genaue Passform, sind leicht zu montieren, schwingungsfest und umweltfreundlich. Vern\u00e4ht werden unsere\u00a0Flexiblen Textilen Isoliersysteme\u00a0unter anderem mit Verschl\u00fcsse aus Edelstahl oder auch Klettverschluss, f\u00fcr eine schnelle aber sichere Montage und Demontage. Die L\u00f6sung f\u00fcr die unterschiedlichsten Bauteile [&hellip;]<\/p>\n","protected":false},"author":1,"featured_media":0,"parent":0,"menu_order":0,"comment_status":"closed","ping_status":"closed","template":"elementor_header_footer","meta":{"_mi_skip_tracking":false,"footnotes":""},"class_list":["post-193","page","type-page","status-publish","hentry"],"aioseo_notices":[],"_links":{"self":[{"href":"https:\/\/miftari-isolierungen.de\/index.php?rest_route=\/wp\/v2\/pages\/193","targetHints":{"allow":["GET"]}}],"collection":[{"href":"https:\/\/miftari-isolierungen.de\/index.php?rest_route=\/wp\/v2\/pages"}],"about":[{"href":"https:\/\/miftari-isolierungen.de\/index.php?rest_route=\/wp\/v2\/types\/page"}],"author":[{"embeddable":true,"href":"https:\/\/miftari-isolierungen.de\/index.php?rest_route=\/wp\/v2\/users\/1"}],"replies":[{"embeddable":true,"href":"https:\/\/miftari-isolierungen.de\/index.php?rest_route=%2Fwp%2Fv2%2Fcomments&post=193"}],"version-history":[{"count":35,"href":"https:\/\/miftari-isolierungen.de\/index.php?rest_route=\/wp\/v2\/pages\/193\/revisions"}],"predecessor-version":[{"id":3419,"href":"https:\/\/miftari-isolierungen.de\/index.php?rest_route=\/wp\/v2\/pages\/193\/revisions\/3419"}],"wp:attachment":[{"href":"https:\/\/miftari-isolierungen.de\/index.php?rest_route=%2Fwp%2Fv2%2Fmedia&parent=193"}],"curies":[{"name":"wp","href":"https:\/\/api.w.org\/{rel}","templated":true}]}}